{"id":359,"date":"2024-10-08T15:55:26","date_gmt":"2024-10-08T19:55:26","guid":{"rendered":"https:\/\/hkr-consultation.projet1047.ca\/?page_id=359"},"modified":"2025-03-17T12:47:41","modified_gmt":"2025-03-17T16:47:41","slug":"about","status":"publish","type":"page","link":"https:\/\/hkrconsultation.com\/en\/a-propos\/","title":{"rendered":"About HKR"},"content":{"rendered":"<div data-elementor-type=\"wp-page\" data-elementor-id=\"359\" class=\"elementor elementor-359\" data-elementor-post-type=\"page\">\n\t\t\t\t<div class=\"elementor-element elementor-element-b46df50 e-con-full e-flex e-con e-child\" data-id=\"b46df50\" data-element_type=\"container\" data-e-type=\"container\">\n\t\t<div class=\"elementor-element elementor-element-69f38eb e-flex e-con-boxed e-con e-child\" data-id=\"69f38eb\" data-element_type=\"container\" data-e-type=\"container\">\n\t\t\t\t\t<div class=\"e-con-inner\">\n\t\t<div class=\"elementor-element elementor-element-c7ee402 e-con-full e-flex e-con e-child\" data-id=\"c7ee402\" data-element_type=\"container\" data-e-type=\"container\">\n\t\t\t\t<div class=\"elementor-element elementor-element-7938f81 elementor-invisible elementor-widget elementor-widget-text-editor\" data-id=\"7938f81\" data-element_type=\"widget\" data-e-type=\"widget\" data-settings=\"{&quot;_animation&quot;:&quot;fadeInUp&quot;,&quot;_animation_delay&quot;:1000}\" data-widget_type=\"text-editor.default\">\n\t\t\t\t<div class=\"elementor-widget-container\">\n\t\t\t\t\t\t\t\t\t<p>Founded in 2010 in the Outaouais region, HKR Consultation is an applied engineering firm that offers a wide variety of professional and technical services in civil engineering. Thanks to multiple areas of expertise and experience, we offer a multidisciplinary, dynamic, human and innovative approach. Our confidence in our teams is justified by their great wealth of experience, know-how and knowledge.<\/p><p>A great engineering enthusiast, Antonio El-Achkar, an engineer since 2006, founded the firm with the aim of helping and supporting entrepreneurs who needed support for professional engineering services. Today, the services are offered to a wider clientele: cities, municipalities, ministries, but also for the private sector.<\/p><p>In recent years, the company has expanded several times, so much so that it serves several regions of Quebec and now has three offices: Hull, Gatineau and Laval. The number of employees has also increased considerably, from three at the beginning to thirty in about ten years.<\/p><p>Antonio\u2019s greatest pride? Having built a united and competent team, capable of responding to such a large number of problems of different types, scales and contexts and having found so many solutions.<\/p>\t\t\t\t\t\t\t\t<\/div>\n\t\t\t\t<\/div>\n\t\t\t\t<\/div>\n\t\t<div class=\"elementor-element elementor-element-72b7fed e-con-full e-flex elementor-invisible e-con e-child\" data-id=\"72b7fed\" data-element_type=\"container\" data-e-type=\"container\" data-settings=\"{&quot;animation&quot;:&quot;fadeIn&quot;,&quot;animation_delay&quot;:1000}\">\n\t\t\t\t<div class=\"elementor-element elementor-element-132323c elementor-widget elementor-widget-image\" data-id=\"132323c\" data-element_type=\"widget\" data-e-type=\"widget\" data-widget_type=\"image.default\">\n\t\t\t\t<div class=\"elementor-widget-container\">\n\t\t\t\t\t\t\t\t\t\t\t\t\t\t\t<img fetchpriority=\"high\" decoding=\"async\" width=\"800\" height=\"526\" src=\"https:\/\/hkrconsultation.com\/wp-content\/uploads\/2024\/12\/hkr-consultation-ingenierie-appliquee-1024x673.jpeg\" class=\"attachment-large size-large wp-image-1362\" alt=\"Logo of HKR Consultation displaying &quot;Applied Engineering&quot; in uppercase with a modern typography.\" srcset=\"https:\/\/hkrconsultation.com\/wp-content\/uploads\/2024\/12\/hkr-consultation-ingenierie-appliquee-1024x673.jpeg 1024w, https:\/\/hkrconsultation.com\/wp-content\/uploads\/2024\/12\/hkr-consultation-ingenierie-appliquee-800x525.jpeg 800w, https:\/\/hkrconsultation.com\/wp-content\/uploads\/2024\/12\/hkr-consultation-ingenierie-appliquee-768x504.jpeg 768w, https:\/\/hkrconsultation.com\/wp-content\/uploads\/2024\/12\/hkr-consultation-ingenierie-appliquee-1536x1009.jpeg 1536w, https:\/\/hkrconsultation.com\/wp-content\/uploads\/2024\/12\/hkr-consultation-ingenierie-appliquee-18x12.jpeg 18w, https:\/\/hkrconsultation.com\/wp-content\/uploads\/2024\/12\/hkr-consultation-ingenierie-appliquee.jpeg 1920w\" sizes=\"(max-width: 800px) 100vw, 800px\" \/>\t\t\t\t\t\t\t\t\t\t\t\t\t\t\t<\/div>\n\t\t\t\t<\/div>\n\t\t\t\t<div class=\"elementor-element elementor-element-db25ab7 elementor-absolute svg-graphic elementor-hidden-desktop elementor-hidden-tablet elementor-hidden-mobile elementor-view-default elementor-widget elementor-widget-icon\" data-id=\"db25ab7\" data-element_type=\"widget\" data-e-type=\"widget\" data-settings=\"{&quot;_position&quot;:&quot;absolute&quot;,&quot;motion_fx_motion_fx_mouse&quot;:&quot;yes&quot;,&quot;motion_fx_mouseTrack_effect&quot;:&quot;yes&quot;,&quot;motion_fx_mouseTrack_speed&quot;:{&quot;unit&quot;:&quot;px&quot;,&quot;size&quot;:1,&quot;sizes&quot;:[]}}\" data-widget_type=\"icon.default\">\n\t\t\t\t<div class=\"elementor-widget-container\">\n\t\t\t\t\t\t\t<div class=\"elementor-icon-wrapper\">\n\t\t\t<div class=\"elementor-icon\">\n\t\t\t<svg xmlns=\"http:\/\/www.w3.org\/2000\/svg\" width=\"215\" height=\"216\" viewbox=\"0 0 215 216\" fill=\"none\"><rect y=\"0.758057\" width=\"215\" height=\"215\" rx=\"30\" fill=\"url(#paint0_linear_2910_6070)\"><\/rect><defs><lineargradient id=\"paint0_linear_2910_6070\" x1=\"215\" y1=\"108.258\" x2=\"-160\" y2=\"108\" gradientunits=\"userSpaceOnUse\"><stop stop-color=\"#38A39C\"><\/stop><stop offset=\"1\" stop-color=\"#251E4A\"><\/stop><\/lineargradient><\/defs><\/svg>\t\t\t<\/div>\n\t\t<\/div>\n\t\t\t\t\t\t<\/div>\n\t\t\t\t<\/div>\n\t\t\t\t<div class=\"elementor-element elementor-element-59fd8d2 elementor-absolute svg-graphic elementor-view-default elementor-widget elementor-widget-icon\" data-id=\"59fd8d2\" data-element_type=\"widget\" data-e-type=\"widget\" data-settings=\"{&quot;_position&quot;:&quot;absolute&quot;,&quot;motion_fx_motion_fx_mouse&quot;:&quot;yes&quot;,&quot;motion_fx_mouseTrack_effect&quot;:&quot;yes&quot;,&quot;motion_fx_mouseTrack_direction&quot;:&quot;negative&quot;,&quot;motion_fx_mouseTrack_speed&quot;:{&quot;unit&quot;:&quot;px&quot;,&quot;size&quot;:1,&quot;sizes&quot;:[]}}\" data-widget_type=\"icon.default\">\n\t\t\t\t<div class=\"elementor-widget-container\">\n\t\t\t\t\t\t\t<div class=\"elementor-icon-wrapper\">\n\t\t\t<div class=\"elementor-icon\">\n\t\t\t<svg xmlns=\"http:\/\/www.w3.org\/2000\/svg\" width=\"362\" height=\"104\" viewbox=\"0 0 362 104\" fill=\"none\"><rect x=\"2.5\" y=\"2.5\" width=\"357\" height=\"99\" rx=\"27.5\" stroke=\"#251E4A\" stroke-width=\"5\"><\/rect><\/svg>\t\t\t<\/div>\n\t\t<\/div>\n\t\t\t\t\t\t<\/div>\n\t\t\t\t<\/div>\n\t\t\t\t<\/div>\n\t\t\t\t\t<\/div>\n\t\t\t\t<\/div>\n\t\t\t\t<\/div>\n\t\t<section class=\"elementor-element elementor-element-24c0c82 e-con-full e-flex e-con e-parent\" data-id=\"24c0c82\" data-element_type=\"container\" data-e-type=\"container\" data-settings=\"{&quot;background_background&quot;:&quot;classic&quot;}\">\n\t\t<div class=\"elementor-element elementor-element-e4e99fd e-flex e-con-boxed e-con e-child\" data-id=\"e4e99fd\" data-element_type=\"container\" data-e-type=\"container\">\n\t\t\t\t\t<div class=\"e-con-inner\">\n\t\t<div class=\"elementor-element elementor-element-6ae0c55 e-con-full e-flex e-con e-child\" data-id=\"6ae0c55\" data-element_type=\"container\" data-e-type=\"container\">\n\t\t<div class=\"elementor-element elementor-element-18ced12 e-con-full e-flex elementor-invisible e-con e-child\" data-id=\"18ced12\" data-element_type=\"container\" data-e-type=\"container\" data-settings=\"{&quot;animation&quot;:&quot;fadeIn&quot;,&quot;animation_delay&quot;:1000}\">\n\t\t\t\t<div class=\"elementor-element elementor-element-e898533 elementor-widget elementor-widget-image\" data-id=\"e898533\" data-element_type=\"widget\" data-e-type=\"widget\" data-widget_type=\"image.default\">\n\t\t\t\t<div class=\"elementor-widget-container\">\n\t\t\t\t\t\t\t\t\t\t\t\t\t\t\t<img decoding=\"async\" width=\"800\" height=\"534\" src=\"https:\/\/hkrconsultation.com\/wp-content\/uploads\/2024\/10\/carriere-1024x683.png\" class=\"attachment-large size-large wp-image-171\" alt=\"A work team meeting around a table with computers and a presentation screen on the wall.\" srcset=\"https:\/\/hkrconsultation.com\/wp-content\/uploads\/2024\/10\/carriere-1024x683.png 1024w, https:\/\/hkrconsultation.com\/wp-content\/uploads\/2024\/10\/carriere-800x533.png 800w, https:\/\/hkrconsultation.com\/wp-content\/uploads\/2024\/10\/carriere-768x512.png 768w, https:\/\/hkrconsultation.com\/wp-content\/uploads\/2024\/10\/carriere-1536x1024.png 1536w, https:\/\/hkrconsultation.com\/wp-content\/uploads\/2024\/10\/carriere-18x12.png 18w, https:\/\/hkrconsultation.com\/wp-content\/uploads\/2024\/10\/carriere.png 1920w\" sizes=\"(max-width: 800px) 100vw, 800px\" \/>\t\t\t\t\t\t\t\t\t\t\t\t\t\t\t<\/div>\n\t\t\t\t<\/div>\n\t\t\t\t<div class=\"elementor-element elementor-element-85e080e elementor-absolute svg-graphic elementor-view-default elementor-widget elementor-widget-icon\" data-id=\"85e080e\" data-element_type=\"widget\" data-e-type=\"widget\" data-settings=\"{&quot;_position&quot;:&quot;absolute&quot;,&quot;motion_fx_motion_fx_mouse&quot;:&quot;yes&quot;,&quot;motion_fx_mouseTrack_effect&quot;:&quot;yes&quot;,&quot;motion_fx_mouseTrack_direction&quot;:&quot;negative&quot;,&quot;motion_fx_mouseTrack_speed&quot;:{&quot;unit&quot;:&quot;px&quot;,&quot;size&quot;:1,&quot;sizes&quot;:[]}}\" data-widget_type=\"icon.default\">\n\t\t\t\t<div class=\"elementor-widget-container\">\n\t\t\t\t\t\t\t<div class=\"elementor-icon-wrapper\">\n\t\t\t<div class=\"elementor-icon\">\n\t\t\t<svg xmlns=\"http:\/\/www.w3.org\/2000\/svg\" width=\"215\" height=\"311\" viewbox=\"0 0 215 311\" fill=\"none\"><rect width=\"215\" height=\"311\" rx=\"30\" fill=\"url(#paint0_linear_2881_10408)\"><\/rect><defs><lineargradient id=\"paint0_linear_2881_10408\" x1=\"388\" y1=\"155.5\" x2=\"-327\" y2=\"155.5\" gradientunits=\"userSpaceOnUse\"><stop stop-color=\"#38A39C\"><\/stop><stop offset=\"1\" stop-color=\"#251E4A\"><\/stop><\/lineargradient><\/defs><\/svg>\t\t\t<\/div>\n\t\t<\/div>\n\t\t\t\t\t\t<\/div>\n\t\t\t\t<\/div>\n\t\t\t\t<div class=\"elementor-element elementor-element-fc5ae12 elementor-absolute svg-graphic elementor-view-default elementor-widget elementor-widget-icon\" data-id=\"fc5ae12\" data-element_type=\"widget\" data-e-type=\"widget\" data-settings=\"{&quot;_position&quot;:&quot;absolute&quot;,&quot;motion_fx_motion_fx_mouse&quot;:&quot;yes&quot;,&quot;motion_fx_mouseTrack_effect&quot;:&quot;yes&quot;,&quot;motion_fx_mouseTrack_speed&quot;:{&quot;unit&quot;:&quot;px&quot;,&quot;size&quot;:1,&quot;sizes&quot;:[]}}\" data-widget_type=\"icon.default\">\n\t\t\t\t<div class=\"elementor-widget-container\">\n\t\t\t\t\t\t\t<div class=\"elementor-icon-wrapper\">\n\t\t\t<div class=\"elementor-icon\">\n\t\t\t<svg xmlns=\"http:\/\/www.w3.org\/2000\/svg\" width=\"286\" height=\"264\" viewbox=\"0 0 286 264\" fill=\"none\"><rect x=\"2.5\" y=\"2.5\" width=\"281\" height=\"259\" rx=\"27.5\" stroke=\"#251E4A\" stroke-width=\"5\"><\/rect><\/svg>\t\t\t<\/div>\n\t\t<\/div>\n\t\t\t\t\t\t<\/div>\n\t\t\t\t<\/div>\n\t\t\t\t<\/div>\n\t\t<div class=\"elementor-element elementor-element-ddc1754 e-con-full e-flex e-con e-child\" data-id=\"ddc1754\" data-element_type=\"container\" data-e-type=\"container\">\n\t\t\t\t<div class=\"elementor-element elementor-element-5b9a254 elementor-invisible elementor-widget elementor-widget-heading\" data-id=\"5b9a254\" data-element_type=\"widget\" data-e-type=\"widget\" data-settings=\"{&quot;_animation&quot;:&quot;fadeInUp&quot;,&quot;_animation_delay&quot;:1000}\" data-widget_type=\"heading.default\">\n\t\t\t\t<div class=\"elementor-widget-container\">\n\t\t\t\t\t<h2 class=\"elementor-heading-title elementor-size-default\">Our team<\/h2>\t\t\t\t<\/div>\n\t\t\t\t<\/div>\n\t\t\t\t<div class=\"elementor-element elementor-element-53ff40b elementor-invisible elementor-widget elementor-widget-text-editor\" data-id=\"53ff40b\" data-element_type=\"widget\" data-e-type=\"widget\" data-settings=\"{&quot;_animation&quot;:&quot;fadeInUp&quot;,&quot;_animation_delay&quot;:1200}\" data-widget_type=\"text-editor.default\">\n\t\t\t\t<div class=\"elementor-widget-container\">\n\t\t\t\t\t\t\t\t\t<p>HKR relies on the expertise of a team of engineers, technicians, surveyors, coordinators and strategic industry partners to offer a wide range of professional solutions and specialized services. Our employees are involved in all areas of civil engineering. They have an impressive wealth of knowledge and great know-how. Our priority is to share this knowledge with all our clients. Multidisciplinarity is one of our strengths!<\/p>\t\t\t\t\t\t\t\t<\/div>\n\t\t\t\t<\/div>\n\t\t\t\t<\/div>\n\t\t\t\t<\/div>\n\t\t\t\t\t<\/div>\n\t\t\t\t<\/div>\n\t\t\t\t<\/section>\n\t\t<section class=\"elementor-element elementor-element-4053934a e-con-full e-flex e-con e-parent\" data-id=\"4053934a\" data-element_type=\"container\" data-e-type=\"container\">\n\t\t<div class=\"elementor-element elementor-element-4ad1d66 e-flex e-con-boxed e-con e-child\" data-id=\"4ad1d66\" data-element_type=\"container\" data-e-type=\"container\">\n\t\t\t\t\t<div class=\"e-con-inner\">\n\t\t<div class=\"elementor-element elementor-element-5382a2ea e-con-full e-flex e-con e-child\" data-id=\"5382a2ea\" data-element_type=\"container\" data-e-type=\"container\">\n\t\t\t\t<div class=\"elementor-element elementor-element-6cf2ed0f elementor-hidden-desktop elementor-hidden-tablet elementor-hidden-mobile elementor-invisible elementor-widget elementor-widget-heading\" data-id=\"6cf2ed0f\" data-element_type=\"widget\" data-e-type=\"widget\" data-settings=\"{&quot;_animation&quot;:&quot;fadeInUp&quot;,&quot;_animation_delay&quot;:1000}\" data-widget_type=\"heading.default\">\n\t\t\t\t<div class=\"elementor-widget-container\">\n\t\t\t\t\t<h2 class=\"elementor-heading-title elementor-size-default\">Expertises<\/h2>\t\t\t\t<\/div>\n\t\t\t\t<\/div>\n\t\t<div class=\"elementor-element elementor-element-31ca859d e-con-full elementor-hidden-desktop elementor-hidden-tablet elementor-hidden-mobile e-flex e-con e-child\" data-id=\"31ca859d\" data-element_type=\"container\" data-e-type=\"container\">\n\t\t\t\t<div class=\"elementor-element elementor-element-208946d1 elementor-invisible elementor-widget elementor-widget-text-editor\" data-id=\"208946d1\" data-element_type=\"widget\" data-e-type=\"widget\" data-settings=\"{&quot;_animation&quot;:&quot;fadeInUp&quot;,&quot;_animation_delay&quot;:1200}\" data-widget_type=\"text-editor.default\">\n\t\t\t\t<div class=\"elementor-widget-container\">\n\t\t\t\t\t\t\t\t\t<p>New offer a wide range of services that touch all aspects of civil engineering, from geotechnical to laboratory work with materials to surveying. All this is possible thanks to equipment that is on the cutting edge of technology. We have vast knowledge in the sectors of construction, worksite support and civil engineering.<\/p>\t\t\t\t\t\t\t\t<\/div>\n\t\t\t\t<\/div>\n\t\t\t\t<\/div>\n\t\t<div class=\"elementor-element elementor-element-183cb401 e-con-full e-flex e-con e-child\" data-id=\"183cb401\" data-element_type=\"container\" data-e-type=\"container\">\n\t\t<div class=\"elementor-element elementor-element-72610d5c e-con-full e-flex elementor-invisible e-con e-child\" data-id=\"72610d5c\" data-element_type=\"container\" data-e-type=\"container\" data-settings=\"{&quot;background_background&quot;:&quot;classic&quot;,&quot;animation&quot;:&quot;fadeInUp&quot;,&quot;animation_delay&quot;:1000}\">\n\t\t\t\t<div class=\"elementor-element elementor-element-371d5e35 elementor-widget elementor-widget-heading\" data-id=\"371d5e35\" data-element_type=\"widget\" data-e-type=\"widget\" data-widget_type=\"heading.default\">\n\t\t\t\t<div class=\"elementor-widget-container\">\n\t\t\t\t\t<h3 class=\"elementor-heading-title elementor-size-default\">Mission<\/h3>\t\t\t\t<\/div>\n\t\t\t\t<\/div>\n\t\t\t\t<div class=\"elementor-element elementor-element-7c18c74 elementor-widget elementor-widget-text-editor\" data-id=\"7c18c74\" data-element_type=\"widget\" data-e-type=\"widget\" data-widget_type=\"text-editor.default\">\n\t\t\t\t<div class=\"elementor-widget-container\">\n\t\t\t\t\t\t\t\t\t<p>The mission of HKR Consultation is to apply the principles of civil engineering to successfully complete projects, within the pre-established budget and schedule. This mission is based on the principles of multidisciplinary skills. Our firm offers a customization of each mandate towards its client and according to its specific needs.<\/p>\t\t\t\t\t\t\t\t<\/div>\n\t\t\t\t<\/div>\n\t\t\t\t<\/div>\n\t\t<div class=\"elementor-element elementor-element-6b26f07b e-con-full e-flex elementor-invisible e-con e-child\" data-id=\"6b26f07b\" data-element_type=\"container\" data-e-type=\"container\" data-settings=\"{&quot;background_background&quot;:&quot;classic&quot;,&quot;animation&quot;:&quot;fadeInUp&quot;,&quot;animation_delay&quot;:1200}\">\n\t\t\t\t<div class=\"elementor-element elementor-element-505d3aa2 elementor-widget elementor-widget-heading\" data-id=\"505d3aa2\" data-element_type=\"widget\" data-e-type=\"widget\" data-widget_type=\"heading.default\">\n\t\t\t\t<div class=\"elementor-widget-container\">\n\t\t\t\t\t<h3 class=\"elementor-heading-title elementor-size-default\">Vision<\/h3>\t\t\t\t<\/div>\n\t\t\t\t<\/div>\n\t\t\t\t<div class=\"elementor-element elementor-element-a6ed2dc elementor-widget elementor-widget-text-editor\" data-id=\"a6ed2dc\" data-element_type=\"widget\" data-e-type=\"widget\" data-widget_type=\"text-editor.default\">\n\t\t\t\t<div class=\"elementor-widget-container\">\n\t\t\t\t\t\t\t\t\t<p>HKR Consultation's vision is based on its desire to offer high quality personalized service with innovative solutions and cutting-edge technological equipment.<\/p>\t\t\t\t\t\t\t\t<\/div>\n\t\t\t\t<\/div>\n\t\t\t\t<\/div>\n\t\t<div class=\"elementor-element elementor-element-7d710480 e-con-full e-flex elementor-invisible e-con e-child\" data-id=\"7d710480\" data-element_type=\"container\" data-e-type=\"container\" data-settings=\"{&quot;background_background&quot;:&quot;classic&quot;,&quot;animation&quot;:&quot;fadeInUp&quot;,&quot;animation_delay&quot;:1400}\">\n\t\t\t\t<div class=\"elementor-element elementor-element-546e1428 elementor-widget elementor-widget-heading\" data-id=\"546e1428\" data-element_type=\"widget\" data-e-type=\"widget\" data-widget_type=\"heading.default\">\n\t\t\t\t<div class=\"elementor-widget-container\">\n\t\t\t\t\t<h3 class=\"elementor-heading-title elementor-size-default\">Values<\/h3>\t\t\t\t<\/div>\n\t\t\t\t<\/div>\n\t\t\t\t<div class=\"elementor-element elementor-element-7a12e07 elementor-widget elementor-widget-text-editor\" data-id=\"7a12e07\" data-element_type=\"widget\" data-e-type=\"widget\" data-widget_type=\"text-editor.default\">\n\t\t\t\t<div class=\"elementor-widget-container\">\n\t\t\t\t\t\t\t\t\t<p>HKR\u2019s social responsibility towards its team and clients is based on a code of ethics. This includes the company\u2019s core values: integrity, honesty, confidentiality and respect for its team and clients. Everyone works together, hand in hand, in the best interest of the clients. Listening and understanding the needs of each mandate are also part of our priority in order to deliver good performance and ensure our professional responsibilities.<\/p>\t\t\t\t\t\t\t\t<\/div>\n\t\t\t\t<\/div>\n\t\t\t\t<\/div>\n\t\t\t\t<\/div>\n\t\t\t\t<\/div>\n\t\t\t\t\t<\/div>\n\t\t\t\t<\/div>\n\t\t\t\t<\/section>\n\t\t\t\t<\/div>","protected":false},"excerpt":{"rendered":"<p>Fond\u00e9e en 2010 dans la r\u00e9gion de l\u2019Outaouais, HKR Consultation est une firme d\u2019ing\u00e9nierie appliqu\u00e9e qui offre une grande vari\u00e9t\u00e9 de services professionnels et techniques en g\u00e9nie civil. Gr\u00e2ce \u00e0 de multiples expertises et experiences, nous proposont une approche multidisciplinaire, dynamique, humaine et innovatrice. Notre confiance en nos \u00e9quipes est justifi\u00e9e par leurs grand bagage [&hellip;]<\/p>\n","protected":false},"author":2,"featured_media":0,"parent":0,"menu_order":0,"comment_status":"closed","ping_status":"closed","template":"","meta":{"_acf_changed":false,"footnotes":""},"class_list":["post-359","page","type-page","status-publish","hentry"],"acf":[],"aioseo_notices":[],"_links":{"self":[{"href":"https:\/\/hkrconsultation.com\/en\/wp-json\/wp\/v2\/pages\/359","targetHints":{"allow":["GET"]}}],"collection":[{"href":"https:\/\/hkrconsultation.com\/en\/wp-json\/wp\/v2\/pages"}],"about":[{"href":"https:\/\/hkrconsultation.com\/en\/wp-json\/wp\/v2\/types\/page"}],"author":[{"embeddable":true,"href":"https:\/\/hkrconsultation.com\/en\/wp-json\/wp\/v2\/users\/2"}],"replies":[{"embeddable":true,"href":"https:\/\/hkrconsultation.com\/en\/wp-json\/wp\/v2\/comments?post=359"}],"version-history":[{"count":70,"href":"https:\/\/hkrconsultation.com\/en\/wp-json\/wp\/v2\/pages\/359\/revisions"}],"predecessor-version":[{"id":1625,"href":"https:\/\/hkrconsultation.com\/en\/wp-json\/wp\/v2\/pages\/359\/revisions\/1625"}],"wp:attachment":[{"href":"https:\/\/hkrconsultation.com\/en\/wp-json\/wp\/v2\/media?parent=359"}],"curies":[{"name":"wp","href":"https:\/\/api.w.org\/{rel}","templated":true}]}}