{"id":356,"date":"2024-10-08T15:55:05","date_gmt":"2024-10-08T19:55:05","guid":{"rendered":"https:\/\/hkr-consultation.projet1047.ca\/?page_id=356"},"modified":"2025-03-10T13:24:29","modified_gmt":"2025-03-10T17:24:29","slug":"careers","status":"publish","type":"page","link":"https:\/\/hkrconsultation.com\/en\/carriere\/","title":{"rendered":"Careers"},"content":{"rendered":"<div data-elementor-type=\"wp-page\" data-elementor-id=\"356\" class=\"elementor elementor-356\" data-elementor-post-type=\"page\">\n\t\t\t\t<div class=\"elementor-element elementor-element-138c233 e-flex e-con-boxed e-con e-parent\" data-id=\"138c233\" data-element_type=\"container\" data-e-type=\"container\">\n\t\t\t\t\t<div class=\"e-con-inner\">\n\t\t\t\t<div class=\"elementor-element elementor-element-c2a35d6 elementor-widget elementor-widget-text-editor\" data-id=\"c2a35d6\" data-element_type=\"widget\" data-e-type=\"widget\" data-widget_type=\"text-editor.default\">\n\t\t\t\t<div class=\"elementor-widget-container\">\n\t\t\t\t\t\t\t\t\t<p>If you like teamwork and are looking for a project to invest in to achieve satisfaction and recognition, join us!<\/p><p>We advocate teamwork in order to be effective and efficient in all our mandates. We believe in constructive collaboration between stakeholders and the competence of staff to carry out all our mandates of all sizes, from the smallest to the largest and from the simplest to the most complex.<\/p><p>We offer professional support where everyone is encouraged to flourish. Among our great advantages, you will have opportunities for advancement and guaranteed continuing education. We have a great team spirit and a family atmosphere. Our environment promotes diversity, equality, active listening and work-family balance is put forward. In short, for us, it's people first!<\/p>\t\t\t\t\t\t\t\t<\/div>\n\t\t\t\t<\/div>\n\t\t\t\t\t<\/div>\n\t\t\t\t<\/div>\n\t\t\t\t<\/div>","protected":false},"excerpt":{"rendered":"<p>Si tu aimes le travail en \u00e9quipe et que tu recherches un projet sur lequel t\u2019investir pour atteindre satisfaction et reconnaissance, rejoins-nous! Nous pr\u00e9conisons le travail d\u2019\u00e9quipe afin d\u2019\u00eatre efficaces et efficients dans tous nos mandats. Nous croyons \u00e0 la collaboration constructive entre les intervenants et \u00e0 la comp\u00e9tence du personnel pour r\u00e9aliser tous nos [&hellip;]<\/p>\n","protected":false},"author":2,"featured_media":1545,"parent":0,"menu_order":0,"comment_status":"closed","ping_status":"closed","template":"","meta":{"_acf_changed":false,"footnotes":""},"class_list":["post-356","page","type-page","status-publish","has-post-thumbnail","hentry"],"acf":[],"aioseo_notices":[],"_links":{"self":[{"href":"https:\/\/hkrconsultation.com\/en\/wp-json\/wp\/v2\/pages\/356","targetHints":{"allow":["GET"]}}],"collection":[{"href":"https:\/\/hkrconsultation.com\/en\/wp-json\/wp\/v2\/pages"}],"about":[{"href":"https:\/\/hkrconsultation.com\/en\/wp-json\/wp\/v2\/types\/page"}],"author":[{"embeddable":true,"href":"https:\/\/hkrconsultation.com\/en\/wp-json\/wp\/v2\/users\/2"}],"replies":[{"embeddable":true,"href":"https:\/\/hkrconsultation.com\/en\/wp-json\/wp\/v2\/comments?post=356"}],"version-history":[{"count":28,"href":"https:\/\/hkrconsultation.com\/en\/wp-json\/wp\/v2\/pages\/356\/revisions"}],"predecessor-version":[{"id":1388,"href":"https:\/\/hkrconsultation.com\/en\/wp-json\/wp\/v2\/pages\/356\/revisions\/1388"}],"wp:featuredmedia":[{"embeddable":true,"href":"https:\/\/hkrconsultation.com\/en\/wp-json\/wp\/v2\/media\/1545"}],"wp:attachment":[{"href":"https:\/\/hkrconsultation.com\/en\/wp-json\/wp\/v2\/media?parent=356"}],"curies":[{"name":"wp","href":"https:\/\/api.w.org\/{rel}","templated":true}]}}